{"id":188,"date":"2018-05-15T22:58:22","date_gmt":"2018-05-15T20:58:22","guid":{"rendered":"http:\/\/kiwanisnc-sudouest.org\/?page_id=188"},"modified":"2020-11-12T17:18:44","modified_gmt":"2020-11-12T06:18:44","slug":"cest-quoi-le-kiwanis","status":"publish","type":"page","link":"https:\/\/kiwanisnc-sudouest.org\/index.php\/cest-quoi-le-kiwanis\/","title":{"rendered":"C&rsquo;est quoi le Kiwanis?"},"content":{"rendered":"<p>Le<a href=\"http:\/\/www.kiwanis.org\"> Kiwanis<\/a> c&rsquo;est un ensemble de clubs de services dont les actions visent \u00e0 am\u00e9liorer le quotidien d&rsquo;enfants de leur communaut\u00e9 et par extension aux enfants du Monde comme le rappelle la devise du Kiwanis International.<\/p>\n<p>Comme tous les clubs de services, le Kiwanis r\u00e9alise des lev\u00e9es de fonds au moyen d&rsquo;\u00e9v\u00e9nements multiples et vari\u00e9s: manifestations sportives, culturelles, bals, vide greniers, ect&#8230;. ces fonds \u00e9tant ensuite redistribu\u00e9s au travers d&rsquo;actions sociales entrant dans les objectifs vis\u00e9s<\/p>\n<p>Cr\u00e9e en 1915 aux USA, le Kiwanis s&rsquo;est depuis d\u00e9velopp\u00e9 au travers des pays anglophones principalement et depuis les ann\u00e9es 60 en Europe et en Asie.<\/p>\n<p>En Nouvelle Cal\u00e9donie, le premier club Kiwanis a \u00e9t\u00e9 cr\u00e9e \u00e0 Noum\u00e9a en 1974.<\/p>\n<p>Au niveau international, le Kiwanis repr\u00e9sente pr\u00e8s de 700.000 membres au travers des 5 continents. Des actions conjointes avec\u00a0 l&rsquo;UNICEF a permis d&rsquo;\u00e9radiquer le T\u00e9tanos N\u00e9onatal Maternel dans plus de 20 pays sur les 36 identifi\u00e9s victimes de cette maladie mortelle affectant les nouveaux n\u00e9s.<\/p>\n<p>Le <strong>Kiwanis club du Sud-Ouest<\/strong> ou<strong> KSO,<\/strong> bas\u00e9 \u00e0 Boulouparis<strong>, <\/strong>est au sein d&rsquo;une communaut\u00e9\u00a0 qui va de Pa\u00efta Nord \u00e0 Moindou en passant par La Foa, Farino, Sarram\u00e9a et Thio et bien s\u00fbr Boulouparis, lieu o\u00f9 le club est implant\u00e9 depuis pr\u00e8s de 25 ans apr\u00e8s avoir \u00e9t\u00e9 fond\u00e9 \u00e0 La Foa en Avril 1978.<\/p>\n<p>Cette r\u00e9gion est une zone essentiellement rurale m\u00eame si les activit\u00e9s li\u00e9es \u00e0 la mine sont pr\u00e9sentes sur Thio et Tomo par exemple.<\/p>\n<p>Le Kiwanis en Nouvelle Cal\u00e9donie est repr\u00e9sent\u00e9 par la <a href=\"http:\/\/kiwanisnc.org\">Division 6<\/a> qui regroupe 12 clubs, 2 Key Clubs pour les lyc\u00e9ens (Blaise Pascal et Grand Noum\u00e9a), 1 Builder Club\u00a0 pour les coll\u00e9giens ( Boulari), 1 Aktion club pour les adultes en situation de handicap (Aktion Club Les Cagous) et depuis 2019 un Circle Club pour les \u00e9tudiants post-bac ( UNC). L&rsquo;ensemble des clubs Kiwanis de Nouvelle Cal\u00e9donie regroupe plus de 200 membres actifs.<\/p>\n<p>Et c&rsquo;est aussi un ensemble de clubs\u00a0 en Nouvelle Z\u00e9lande, au Vanuatu, en Polyn\u00e9sie Fran\u00e7aise regroup\u00e9s dans le <a href=\"http:\/\/www.kiwanisnzsp.org\/fr\">District Nouvelle Z\u00e9lande-Sud Pacifique<\/a>, lui m\u00eame int\u00e9gr\u00e9 \u00e0 la R\u00e9gion <a href=\"http:\/\/www.kiwanisaspac.org\">Asie Pacifique<\/a>.<\/p>\n<p>Tous ensembles nous oeuvrons pour am\u00e9liorer le bien \u00eatre des enfants de nos communaut\u00e9s.<\/p>\n","protected":false},"excerpt":{"rendered":"<p>Le Kiwanis c&rsquo;est un ensemble de clubs de services dont les actions visent \u00e0 am\u00e9liorer le quotidien d&rsquo;enfants de leur communaut\u00e9 et par extension aux enfants du Monde comme le rappelle la devise du Kiwanis International. Comme tous les clubs de services, le Kiwanis r\u00e9alise des lev\u00e9es de fonds au moyen d&rsquo;\u00e9v\u00e9nements multiples et vari\u00e9s: [&hellip;]<\/p>\n","protected":false},"author":1,"featured_media":0,"parent":0,"menu_order":0,"comment_status":"closed","ping_status":"closed","template":"","meta":{"saved_in_kubio":false,"footnotes":""},"class_list":["post-188","page","type-page","status-publish","hentry"],"kubio_ai_page_context":{"short_desc":"","purpose":"general"},"jetpack_sharing_enabled":true,"colors":{"color":"ffffff","contrast":"0,0,0","custom":false},"_links":{"self":[{"href":"https:\/\/kiwanisnc-sudouest.org\/index.php\/wp-json\/wp\/v2\/pages\/188","targetHints":{"allow":["GET"]}}],"collection":[{"href":"https:\/\/kiwanisnc-sudouest.org\/index.php\/wp-json\/wp\/v2\/pages"}],"about":[{"href":"https:\/\/kiwanisnc-sudouest.org\/index.php\/wp-json\/wp\/v2\/types\/page"}],"author":[{"embeddable":true,"href":"https:\/\/kiwanisnc-sudouest.org\/index.php\/wp-json\/wp\/v2\/users\/1"}],"replies":[{"embeddable":true,"href":"https:\/\/kiwanisnc-sudouest.org\/index.php\/wp-json\/wp\/v2\/comments?post=188"}],"version-history":[{"count":7,"href":"https:\/\/kiwanisnc-sudouest.org\/index.php\/wp-json\/wp\/v2\/pages\/188\/revisions"}],"predecessor-version":[{"id":713,"href":"https:\/\/kiwanisnc-sudouest.org\/index.php\/wp-json\/wp\/v2\/pages\/188\/revisions\/713"}],"wp:attachment":[{"href":"https:\/\/kiwanisnc-sudouest.org\/index.php\/wp-json\/wp\/v2\/media?parent=188"}],"curies":[{"name":"wp","href":"https:\/\/api.w.org\/{rel}","templated":true}]}}