{"id":2,"date":"2018-05-13T06:24:19","date_gmt":"2018-05-13T04:24:19","guid":{"rendered":"http:\/\/kiwanisnc-sudouest.org\/?page_id=2"},"modified":"2018-05-19T17:23:41","modified_gmt":"2018-05-19T06:23:41","slug":"page-d-exemple","status":"publish","type":"page","link":"https:\/\/kiwanisnc-sudouest.org\/index.php\/page-d-exemple\/","title":{"rendered":"In m\u00e9moriam"},"content":{"rendered":"<p><img loading=\"lazy\" decoding=\"async\" class=\"wp-image-169 alignleft\" src=\"https:\/\/kiwanisnc-sudouest.org\/wp-content\/uploads\/2018\/05\/banniere-kso-222x300.jpg\" alt=\"\" width=\"132\" height=\"178\" srcset=\"https:\/\/kiwanisnc-sudouest.org\/wp-content\/uploads\/2018\/05\/banniere-kso-222x300.jpg 222w, https:\/\/kiwanisnc-sudouest.org\/wp-content\/uploads\/2018\/05\/banniere-kso-768x1038.jpg 768w, https:\/\/kiwanisnc-sudouest.org\/wp-content\/uploads\/2018\/05\/banniere-kso-758x1024.jpg 758w\" sizes=\"(max-width: 132px) 100vw, 132px\" \/>Les membres du Club disparus \u00e0 ce jour sont toujours pr\u00e9sents dans notre m\u00e9moire. Ils sont annuellement c\u00e9l\u00e9br\u00e9s au cours d&rsquo;une messe en l&rsquo;\u00e9glise de Boulouparis le premier dimanche du mois de mai.<\/p>\n<p>Leur engagement au sein du club depuis sa cr\u00e9ation en 1977,a permis de faire de celui-ci un des clubs reconnus au sein de la Division 6 et m\u00eame au niveau du District.<\/p>\n<h4><strong>Marthe BOURGINE &#8211; 2017<\/strong><\/h4>\n<h4><strong>Guy CHRISTY &#8211;<\/strong><\/h4>\n<h4><strong>D\u00e9sir\u00e9 ROSSARD- 2014<\/strong><\/h4>\n<h4><strong>Victor BASQUIN &#8211;<\/strong><\/h4>\n<h4><strong>Fran\u00e7ois ARRIGHI &#8211;<\/strong><\/h4>\n<h4><strong>Camille BOURGINE &#8211;<br \/>\n<\/strong><\/h4>\n<h4><strong>Jean BOURGINE &#8211;<br \/>\n<\/strong><\/h4>\n<h4><strong>Eddy DELATHIERE &#8211;<br \/>\n<\/strong><\/h4>\n<h4><strong>DINET\u00a0? &#8211;<br \/>\n<\/strong><\/h4>\n<h4><strong>Raoul FOREST &#8211;<br \/>\n<\/strong><\/h4>\n<h4><strong>Roger GUEPY &#8211;<br \/>\n<\/strong><\/h4>\n<h4><strong>Daniel MATTHIEU &#8211;<br \/>\n<\/strong><\/h4>\n<h4><strong>Roger MENESSON &#8211;<br \/>\n<\/strong><\/h4>\n<h4><strong>Yves MONNIER &#8211;<br \/>\n<\/strong><\/h4>\n<h4><strong>Alain PAILLE &#8211;<br \/>\n<\/strong><\/h4>\n<h4><strong>Juules SOENNE &#8211;<br \/>\n<\/strong><\/h4>\n<h4><strong>Maxime SONG &#8211;<br \/>\n<\/strong><\/h4>\n<p>&nbsp;<\/p>\n<p>&nbsp;<\/p>\n<p>&nbsp;<\/p>\n<p>&nbsp;<\/p>\n<p>&nbsp;<\/p>\n<p>&nbsp;<\/p>\n","protected":false},"excerpt":{"rendered":"<p>Les membres du Club disparus \u00e0 ce jour sont toujours pr\u00e9sents dans notre m\u00e9moire. Ils sont annuellement c\u00e9l\u00e9br\u00e9s au cours d&rsquo;une messe en l&rsquo;\u00e9glise de Boulouparis le premier dimanche du mois de mai. Leur engagement au sein du club depuis sa cr\u00e9ation en 1977,a permis de faire de celui-ci un des clubs reconnus au sein [&hellip;]<\/p>\n","protected":false},"author":1,"featured_media":0,"parent":0,"menu_order":0,"comment_status":"closed","ping_status":"open","template":"","meta":{"saved_in_kubio":false,"footnotes":""},"class_list":["post-2","page","type-page","status-publish","hentry"],"kubio_ai_page_context":{"short_desc":"","purpose":"general"},"jetpack_sharing_enabled":true,"colors":{"color":"ffffff","contrast":"0,0,0","custom":false},"_links":{"self":[{"href":"https:\/\/kiwanisnc-sudouest.org\/index.php\/wp-json\/wp\/v2\/pages\/2","targetHints":{"allow":["GET"]}}],"collection":[{"href":"https:\/\/kiwanisnc-sudouest.org\/index.php\/wp-json\/wp\/v2\/pages"}],"about":[{"href":"https:\/\/kiwanisnc-sudouest.org\/index.php\/wp-json\/wp\/v2\/types\/page"}],"author":[{"embeddable":true,"href":"https:\/\/kiwanisnc-sudouest.org\/index.php\/wp-json\/wp\/v2\/users\/1"}],"replies":[{"embeddable":true,"href":"https:\/\/kiwanisnc-sudouest.org\/index.php\/wp-json\/wp\/v2\/comments?post=2"}],"version-history":[{"count":3,"href":"https:\/\/kiwanisnc-sudouest.org\/index.php\/wp-json\/wp\/v2\/pages\/2\/revisions"}],"predecessor-version":[{"id":381,"href":"https:\/\/kiwanisnc-sudouest.org\/index.php\/wp-json\/wp\/v2\/pages\/2\/revisions\/381"}],"wp:attachment":[{"href":"https:\/\/kiwanisnc-sudouest.org\/index.php\/wp-json\/wp\/v2\/media?parent=2"}],"curies":[{"name":"wp","href":"https:\/\/api.w.org\/{rel}","templated":true}]}}