{"id":212,"date":"2018-05-16T00:06:06","date_gmt":"2018-05-15T22:06:06","guid":{"rendered":"http:\/\/kiwanisnc-sudouest.org\/?page_id=212"},"modified":"2018-05-16T00:49:40","modified_gmt":"2018-05-15T22:49:40","slug":"les-lieutenants-gouverneurs-issus-du-kso","status":"publish","type":"page","link":"https:\/\/kiwanisnc-sudouest.org\/index.php\/notre-club-le-kso\/les-lieutenants-gouverneurs-issus-du-kso\/","title":{"rendered":"Les Lieutenants Gouverneurs issus du KSO"},"content":{"rendered":"<p>Un nombre significatif de membres du Club ont \u00e9t\u00e9 \u00e9lus au poste de Lieutenant Gouverneurs de la Division. Ce poste loin d&rsquo;\u00eatre uniquement honorifique.<\/p>\n<p>Il est l&rsquo;\u00e9manation de tous les clubs de Nouvelle Cal\u00e9donie et son titulaire les repr\u00e9sente au sein des instances internationales comme le District, la r\u00e9gion Asie Pacifique, et le Kiwanis International bien s\u00fbr.<\/p>\n<p>Ces membres ont \u00e9t\u00e9 du plus r\u00e9cent au plus ancien:<\/p>\n<div id=\"attachment_219\" style=\"width: 166px\" class=\"wp-caption alignnone\"><img loading=\"lazy\" decoding=\"async\" aria-describedby=\"caption-attachment-219\" class=\"wp-image-219 \" src=\"https:\/\/kiwanisnc-sudouest.org\/wp-content\/uploads\/2018\/05\/christian-cullell.png\" alt=\"\" width=\"156\" height=\"148\" \/><p id=\"caption-attachment-219\" class=\"wp-caption-text\">Christian CULLELL 2016-2017<\/p><\/div>\n<div id=\"attachment_230\" style=\"width: 160px\" class=\"wp-caption alignleft\"><img loading=\"lazy\" decoding=\"async\" aria-describedby=\"caption-attachment-230\" class=\"wp-image-230 size-thumbnail\" src=\"https:\/\/kiwanisnc-sudouest.org\/wp-content\/uploads\/2018\/05\/daniele-desarmagnac-150x150.jpg\" alt=\"\" width=\"150\" height=\"150\" \/><p id=\"caption-attachment-230\" class=\"wp-caption-text\">Dani\u00e8le DESARMAGNAC 2013-2014<\/p><\/div>\n<p>&nbsp;<\/p>\n<p>&nbsp;<\/p>\n<p>&nbsp;<\/p>\n<p>&nbsp;<\/p>\n<p>&nbsp;<\/p>\n<p>&nbsp;<\/p>\n<div id=\"attachment_217\" style=\"width: 160px\" class=\"wp-caption alignnone\"><img loading=\"lazy\" decoding=\"async\" aria-describedby=\"caption-attachment-217\" class=\"wp-image-217 size-thumbnail\" src=\"https:\/\/kiwanisnc-sudouest.org\/wp-content\/uploads\/2018\/05\/BERNARD-DESARMAGNAC-150x150.jpg\" alt=\"\" width=\"150\" height=\"150\" \/><p id=\"caption-attachment-217\" class=\"wp-caption-text\">Bernard DESARMAGNAC 2003-2004 &amp; 2004-2005<\/p><\/div>\n<div id=\"attachment_223\" style=\"width: 160px\" class=\"wp-caption alignnone\"><img loading=\"lazy\" decoding=\"async\" aria-describedby=\"caption-attachment-223\" class=\"wp-image-223 size-thumbnail\" src=\"https:\/\/kiwanisnc-sudouest.org\/wp-content\/uploads\/2018\/05\/JEAN-CLAUDE-SIRET-1-150x150.jpg\" alt=\"\" width=\"150\" height=\"150\" \/><p id=\"caption-attachment-223\" class=\"wp-caption-text\">Jean Claude SIRET 1996-1997<\/p><\/div>\n<p>&nbsp;<\/p>\n<div id=\"attachment_225\" style=\"width: 174px\" class=\"wp-caption alignleft\"><img loading=\"lazy\" decoding=\"async\" aria-describedby=\"caption-attachment-225\" class=\"wp-image-225\" src=\"https:\/\/kiwanisnc-sudouest.org\/wp-content\/uploads\/2018\/05\/YANN-PAULIC-140x150.jpg\" alt=\"\" width=\"164\" height=\"176\" \/><p id=\"caption-attachment-225\" class=\"wp-caption-text\">Yann PAULLIC 1989 -1990<\/p><\/div>\n<p>&nbsp;<\/p>\n<p>&nbsp;<\/p>\n<p>&nbsp;<\/p>\n<p>&nbsp;<\/p>\n<p>&nbsp;<\/p>\n<p>&nbsp;<\/p>\n<div id=\"attachment_214\" style=\"width: 147px\" class=\"wp-caption alignnone\"><img loading=\"lazy\" decoding=\"async\" aria-describedby=\"caption-attachment-214\" class=\"wp-image-214 \" src=\"https:\/\/kiwanisnc-sudouest.org\/wp-content\/uploads\/2018\/05\/1988-1989-Daniel-MATHIEU-124x150.jpg\" alt=\"\" width=\"137\" height=\"165\" \/><p id=\"caption-attachment-214\" class=\"wp-caption-text\">Daniel MATHIEU 1988-1989<\/p><\/div>\n<div id=\"attachment_215\" style=\"width: 136px\" class=\"wp-caption alignnone\"><img loading=\"lazy\" decoding=\"async\" aria-describedby=\"caption-attachment-215\" class=\"wp-image-215 \" src=\"https:\/\/kiwanisnc-sudouest.org\/wp-content\/uploads\/2018\/05\/1983-1984-Guy-CHRISTY-1-e1526423042546.jpg\" alt=\"\" width=\"126\" height=\"175\" \/><p id=\"caption-attachment-215\" class=\"wp-caption-text\">Guy CHRISTY 1983-194<\/p><\/div>\n<div id=\"attachment_224\" style=\"width: 142px\" class=\"wp-caption alignnone\"><img loading=\"lazy\" decoding=\"async\" aria-describedby=\"caption-attachment-224\" class=\"wp-image-224 \" src=\"https:\/\/kiwanisnc-sudouest.org\/wp-content\/uploads\/2018\/05\/photo-non-dispo.jpg\" alt=\"\" width=\"132\" height=\"191\" \/><p id=\"caption-attachment-224\" class=\"wp-caption-text\">Georges NAGLE 1977-1978<\/p><\/div>\n","protected":false},"excerpt":{"rendered":"<p>Un nombre significatif de membres du Club ont \u00e9t\u00e9 \u00e9lus au poste de Lieutenant Gouverneurs de la Division. Ce poste loin d&rsquo;\u00eatre uniquement honorifique. Il est l&rsquo;\u00e9manation de tous les clubs de Nouvelle Cal\u00e9donie et son titulaire les repr\u00e9sente au sein des instances internationales comme le District, la r\u00e9gion Asie Pacifique, et le Kiwanis International [&hellip;]<\/p>\n","protected":false},"author":1,"featured_media":17,"parent":190,"menu_order":0,"comment_status":"closed","ping_status":"closed","template":"","meta":{"saved_in_kubio":false,"footnotes":""},"class_list":["post-212","page","type-page","status-publish","has-post-thumbnail","hentry"],"kubio_ai_page_context":{"short_desc":"","purpose":"general"},"jetpack_sharing_enabled":true,"colors":{"color":"ffffff","contrast":"0,0,0","custom":false},"_links":{"self":[{"href":"https:\/\/kiwanisnc-sudouest.org\/index.php\/wp-json\/wp\/v2\/pages\/212","targetHints":{"allow":["GET"]}}],"collection":[{"href":"https:\/\/kiwanisnc-sudouest.org\/index.php\/wp-json\/wp\/v2\/pages"}],"about":[{"href":"https:\/\/kiwanisnc-sudouest.org\/index.php\/wp-json\/wp\/v2\/types\/page"}],"author":[{"embeddable":true,"href":"https:\/\/kiwanisnc-sudouest.org\/index.php\/wp-json\/wp\/v2\/users\/1"}],"replies":[{"embeddable":true,"href":"https:\/\/kiwanisnc-sudouest.org\/index.php\/wp-json\/wp\/v2\/comments?post=212"}],"version-history":[{"count":6,"href":"https:\/\/kiwanisnc-sudouest.org\/index.php\/wp-json\/wp\/v2\/pages\/212\/revisions"}],"predecessor-version":[{"id":233,"href":"https:\/\/kiwanisnc-sudouest.org\/index.php\/wp-json\/wp\/v2\/pages\/212\/revisions\/233"}],"up":[{"embeddable":true,"href":"https:\/\/kiwanisnc-sudouest.org\/index.php\/wp-json\/wp\/v2\/pages\/190"}],"wp:featuredmedia":[{"embeddable":true,"href":"https:\/\/kiwanisnc-sudouest.org\/index.php\/wp-json\/wp\/v2\/media\/17"}],"wp:attachment":[{"href":"https:\/\/kiwanisnc-sudouest.org\/index.php\/wp-json\/wp\/v2\/media?parent=212"}],"curies":[{"name":"wp","href":"https:\/\/api.w.org\/{rel}","templated":true}]}}