{"id":383,"date":"2018-05-21T14:57:06","date_gmt":"2018-05-21T03:57:06","guid":{"rendered":"http:\/\/kiwanisnc-sudouest.org\/?page_id=383"},"modified":"2020-06-10T16:47:04","modified_gmt":"2020-06-10T05:47:04","slug":"key-club-coeur-de-blaise","status":"publish","type":"page","link":"https:\/\/kiwanisnc-sudouest.org\/index.php\/notre-club-le-kso\/key-club-coeur-de-blaise\/","title":{"rendered":"Key Club Coeur de Blaise"},"content":{"rendered":"<p><img loading=\"lazy\" decoding=\"async\" class=\"size-medium wp-image-388 alignleft\" src=\"https:\/\/kiwanisnc-sudouest.org\/wp-content\/uploads\/2018\/05\/key-club-seal-color_preview-300x197-300x197.jpg\" alt=\"\" width=\"300\" height=\"197\" data-id=\"388\" \/><\/p>\n<p>Le Club Sud Ouest est le parrain du Key Club cr\u00e9e au sein du Lyc\u00e9e Blaise Pascal \u00e0 Noum\u00e9a.<\/p>\n<p>Ce Key Club est baptis\u00e9 : Coeur de Blaise<\/p>\n<p>Ce Key Club, le premier de la Division,\u00a0 est dynamique malgr\u00e9 les sp\u00e9cificit\u00e9s inh\u00e9rentes \u00e0 ce type de club, \u00e0 savoir la non permanence des membres qui suivent leur scolarit\u00e9 pendant 2 ou 3 ans dans le lyc\u00e9e et qui apr\u00e8s voguent au gr\u00e9 de leur projet scolaire: BTS, Fac, \u00e9coles en m\u00e9tropole,&#8230;.sous d&rsquo;autres cieux.<\/p>\n<p>Mais c&rsquo;est aussi et surtout gr\u00e2ce \u00e0 la permanence de l&rsquo;\u00e9quipe encadrant ce club \u00e0 savoir\u00a0 Gina P\u00e9raldi qui est la conseill\u00e8re et qui g\u00e8re ann\u00e9e apr\u00e8s ann\u00e9e les flux de membres, souvent des \u00e9l\u00e8ves internes.<\/p>\n<p>Chaque ann\u00e9e un projet est d\u00e9cid\u00e9 et mis en place par les membres du club afin de r\u00e9pondre \u00e0 l&rsquo;un des objectifs du Kiwanis: am\u00e9liorer la vie d&rsquo;enfants\u00a0 en leur apportant des r\u00e9ponses \u00e0 leurs besoins: am\u00e9lioration de l&rsquo;accessibilit\u00e9 de certaines classes \u00e0 des \u00e9l\u00e8ves en mobilit\u00e9 r\u00e9duite, dotation de mat\u00e9riel sp\u00e9cifique pour des \u00e9l\u00e8ves mal voyant ou mal entendant, etc&#8230;<\/p>\n","protected":false},"excerpt":{"rendered":"<p>Le Club Sud Ouest est le parrain du Key Club cr\u00e9e au sein du Lyc\u00e9e Blaise Pascal \u00e0 Noum\u00e9a. Ce Key Club est baptis\u00e9 : Coeur de Blaise Ce Key Club, le premier de la Division,\u00a0 est dynamique malgr\u00e9 les sp\u00e9cificit\u00e9s inh\u00e9rentes \u00e0 ce type de club, \u00e0 savoir la non permanence des membres qui [&hellip;]<\/p>\n","protected":false},"author":1,"featured_media":387,"parent":190,"menu_order":0,"comment_status":"closed","ping_status":"closed","template":"","meta":{"saved_in_kubio":false,"footnotes":""},"class_list":["post-383","page","type-page","status-publish","has-post-thumbnail","hentry"],"kubio_ai_page_context":{"short_desc":"","purpose":"general"},"jetpack_sharing_enabled":true,"colors":{"color":"ffffff","contrast":"0,0,0","custom":false},"_links":{"self":[{"href":"https:\/\/kiwanisnc-sudouest.org\/index.php\/wp-json\/wp\/v2\/pages\/383","targetHints":{"allow":["GET"]}}],"collection":[{"href":"https:\/\/kiwanisnc-sudouest.org\/index.php\/wp-json\/wp\/v2\/pages"}],"about":[{"href":"https:\/\/kiwanisnc-sudouest.org\/index.php\/wp-json\/wp\/v2\/types\/page"}],"author":[{"embeddable":true,"href":"https:\/\/kiwanisnc-sudouest.org\/index.php\/wp-json\/wp\/v2\/users\/1"}],"replies":[{"embeddable":true,"href":"https:\/\/kiwanisnc-sudouest.org\/index.php\/wp-json\/wp\/v2\/comments?post=383"}],"version-history":[{"count":3,"href":"https:\/\/kiwanisnc-sudouest.org\/index.php\/wp-json\/wp\/v2\/pages\/383\/revisions"}],"predecessor-version":[{"id":616,"href":"https:\/\/kiwanisnc-sudouest.org\/index.php\/wp-json\/wp\/v2\/pages\/383\/revisions\/616"}],"up":[{"embeddable":true,"href":"https:\/\/kiwanisnc-sudouest.org\/index.php\/wp-json\/wp\/v2\/pages\/190"}],"wp:featuredmedia":[{"embeddable":true,"href":"https:\/\/kiwanisnc-sudouest.org\/index.php\/wp-json\/wp\/v2\/media\/387"}],"wp:attachment":[{"href":"https:\/\/kiwanisnc-sudouest.org\/index.php\/wp-json\/wp\/v2\/media?parent=383"}],"curies":[{"name":"wp","href":"https:\/\/api.w.org\/{rel}","templated":true}]}}