{"id":680,"date":"2020-01-01T00:00:00","date_gmt":"2019-12-31T13:00:00","guid":{"rendered":"http:\/\/kiwanisnc-sudouest.org\/?page_id=680"},"modified":"2023-02-14T09:48:41","modified_gmt":"2023-02-13T22:48:41","slug":"le-camp-kiwanis-sud-ouest-a-la-ouenghi","status":"publish","type":"page","link":"https:\/\/kiwanisnc-sudouest.org\/index.php\/le-camp-kiwanis-sud-ouest-a-la-ouenghi\/","title":{"rendered":"Le Camp Kiwanis de la Ouenghi."},"content":{"rendered":"\n<p class=\"has-kubio-color-5-color has-text-color has-background\" style=\"background-color:#ffffff30\">Notre club poss\u00e8de des installations situ\u00e9es \u00e0 Boulouparis Ouenghi Rivi\u00e8re<strong> <em><a href=\"https:\/\/goo.gl\/maps\/eW4VZz2BZXbXmoai8\" data-type=\"URL\" data-id=\"https:\/\/goo.gl\/maps\/eW4VZz2BZXbXmoai8\" target=\"_blank\" rel=\"noreferrer noopener\">(cliquez ici pour visualiser le lieu de nos installations<\/a><\/em><\/strong>) dans un cadre verdoyant et sympathique en bordure de la rivi\u00e8re de la  Ouenghi. L&rsquo;acc\u00e8s se fait depuis la RT1 juste avant le pont sur la Ouenghi quand on vient de Noum\u00e9a ou juste apr\u00e8s quand on vient du nord, en suivant le fl\u00e9chage <strong>CM 15 Haute Ouenghi<\/strong>. <\/p>\n\n\n<div class=\"wp-block-image\">\n<figure class=\"alignright size-large is-resized\"><img loading=\"lazy\" decoding=\"async\" src=\"https:\/\/kiwanisnc-sudouest.org\/wp-content\/uploads\/2020\/11\/received_383832635994405-762x1024.jpeg\" alt=\"\" class=\"wp-image-822\" width=\"193\" height=\"260\" srcset=\"https:\/\/kiwanisnc-sudouest.org\/wp-content\/uploads\/2020\/11\/received_383832635994405-762x1024.jpeg 762w, https:\/\/kiwanisnc-sudouest.org\/wp-content\/uploads\/2020\/11\/received_383832635994405-223x300.jpeg 223w, https:\/\/kiwanisnc-sudouest.org\/wp-content\/uploads\/2020\/11\/received_383832635994405-768x1032.jpeg 768w, https:\/\/kiwanisnc-sudouest.org\/wp-content\/uploads\/2020\/11\/received_383832635994405.jpeg 864w\" sizes=\"(max-width: 193px) 100vw, 193px\" \/><figcaption class=\"wp-element-caption\"><em>L&rsquo;INUSHUK du centenaire<\/em><\/figcaption><\/figure>\n<\/div>\n\n\n<p class=\"has-kubio-color-5-color has-text-color has-background\" style=\"background-color:#ffffff30\">Symbole&nbsp;de solidarit\u00e9 des peuples nomades du Nord Canadien (les Inuits), ils \u00e9taient \u00e9rig\u00e9s comme sentinelles et comme rep\u00e8res pour signifier : \u00a0\u00bb Je suis venu ici avant vous\u00a0\u00bb et servaient \u00e0 se rep\u00e9rer lors des \u00e9pisodes de chasse au caribou dans des territoires d\u00e9sertiques et glac\u00e9s. Il n&rsquo;y a pas de caribou en Nouvelle Cal\u00e9donie, et les territoires ne sont pas trop d\u00e9sertiques et encore moins glac\u00e9s mais le rep\u00e8re est en place!<\/p>\n\n\n\n<p class=\"has-kubio-color-5-color has-text-color has-background\" style=\"background-color:#ffffff30\">Ces installations sont veill\u00e9es par l&rsquo; INUSHUK embl\u00e8me du centenaire du Kiwanis International, \u00e9difice mi-sculpture, mi-totem comme le veut la tradition Inuit, qui est charg\u00e9 de montrer les bonnes directions. <\/p>\n\n\n<div class=\"wp-block-image\">\n<figure class=\"alignleft size-large is-resized\"><img loading=\"lazy\" decoding=\"async\" src=\"https:\/\/kiwanisnc-sudouest.org\/wp-content\/uploads\/2020\/11\/IMG_20210223_114630-881x1024.jpg\" alt=\"\" class=\"wp-image-824\" width=\"233\" height=\"270\" srcset=\"https:\/\/kiwanisnc-sudouest.org\/wp-content\/uploads\/2020\/11\/IMG_20210223_114630-881x1024.jpg 881w, https:\/\/kiwanisnc-sudouest.org\/wp-content\/uploads\/2020\/11\/IMG_20210223_114630-258x300.jpg 258w, https:\/\/kiwanisnc-sudouest.org\/wp-content\/uploads\/2020\/11\/IMG_20210223_114630-768x893.jpg 768w, https:\/\/kiwanisnc-sudouest.org\/wp-content\/uploads\/2020\/11\/IMG_20210223_114630-1322x1536.jpg 1322w, https:\/\/kiwanisnc-sudouest.org\/wp-content\/uploads\/2020\/11\/IMG_20210223_114630-1762x2048.jpg 1762w\" sizes=\"(max-width: 233px) 100vw, 233px\" \/><\/figure>\n<\/div>\n\n\n<p class=\"has-text-align-left\"><\/p>\n\n\n\n<p class=\"has-kubio-color-5-color has-text-color has-background\" style=\"background-color:#ffffff30\">Et l&rsquo; INUSHUK en place est orient\u00e9 de mani\u00e8re r\u00e9fl\u00e9chie puisque les \u00ab\u00a0bras\u00a0\u00bb d\u00e9signent d&rsquo;un cot\u00e9 Indianapolis aux USA, si\u00e8ge du Kiwanis International, et de l&rsquo;autre la grande ourse, rep\u00e8re c\u00e9leste des navigateurs oc\u00e9aniens!<\/p>\n\n\n\n<p><\/p>\n\n\n\n<p class=\"has-kubio-color-5-color has-text-color has-background\" style=\"background-color:#ffffff30\">Ces installations ont \u00e9t\u00e9 r\u00e9alis\u00e9es par les membres du club  au fils des ann\u00e9es. Elles permettent de  recevoir une centaine de personnes, comme lors de nos bals annuels  ou lors de r\u00e9unions Kiwaniennes r\u00e9unissant les clubs de Nouvelle Cal\u00e9donie. Elles abritent \u00e9galement tous les mois les r\u00e9unions statutaires du club au cours desquelles se d\u00e9cident nos actions diverses en faveur des enfants de notre communaut\u00e9.<\/p>\n\n\n\t\t\t<style>\r\n                #foogallery-gallery-684.fg-justified .fg-item {\r\n                    margin-right: 2px;\r\n                    margin-bottom: 2px;\r\n                }\r\n\r\n                #foogallery-gallery-684.fg-justified .fg-image {\r\n                    height: 200px;\r\n                }\r\n\t\t\t<\/style>\r\n\t\t\t<div class=\"foogallery foogallery-container foogallery-justified foogallery-lightbox-none fg-justified fg-light fg-shadow-outline fg-loading-default fg-loaded-fade-in fg-caption-always fg-hover-fade fg-hover-zoom2 fg-ready\" id=\"foogallery-gallery-684\" data-foogallery=\"{&quot;item&quot;:{&quot;showCaptionTitle&quot;:true,&quot;showCaptionDescription&quot;:false},&quot;lazy&quot;:true,&quot;template&quot;:{&quot;rowHeight&quot;:200,&quot;maxRowHeight&quot;:250,&quot;margins&quot;:2,&quot;align&quot;:&quot;center&quot;,&quot;lastRow&quot;:&quot;smart&quot;}}\" >\r\n\t<div class=\"fg-item fg-type-image fg-idle\"><figure class=\"fg-item-inner\"><a href=\"https:\/\/kiwanisnc-sudouest.org\/wp-content\/uploads\/2020\/11\/IMG_20210223_114652-scaled.jpg\" data-attachment-id=\"826\" data-type=\"image\" class=\"fg-thumb\"><span class=\"fg-image-wrap\"><img fetchpriority=\"high\" decoding=\"async\" height=\"250\" width=\"273\" class=\"skip-lazy fg-image\" data-src-fg=\"https:\/\/kiwanisnc-sudouest.org\/wp-content\/uploads\/cache\/2020\/11\/IMG_20210223_114652-scaled\/2077419151.jpg\" src=\"data:image\/svg+xml,%3Csvg%20xmlns%3D%22http%3A%2F%2Fwww.w3.org%2F2000%2Fsvg%22%20width%3D%22273%22%20height%3D%22250%22%20viewBox%3D%220%200%20273%20250%22%3E%3C%2Fsvg%3E\" loading=\"eager\"><\/span><span class=\"fg-image-overlay\"><\/span><\/a><figcaption class=\"fg-caption\"><div class=\"fg-caption-inner\"><\/div><\/figcaption><\/figure><div class=\"fg-loader\"><\/div><\/div><div class=\"fg-item fg-type-image fg-idle\"><figure class=\"fg-item-inner\"><a href=\"https:\/\/kiwanisnc-sudouest.org\/wp-content\/uploads\/2020\/11\/IMG_20210223_123254-scaled.jpg\" data-attachment-id=\"832\" data-type=\"image\" class=\"fg-thumb\"><span class=\"fg-image-wrap\"><img decoding=\"async\" height=\"250\" width=\"379\" class=\"skip-lazy fg-image\" data-src-fg=\"https:\/\/kiwanisnc-sudouest.org\/wp-content\/uploads\/cache\/2020\/11\/IMG_20210223_123254-scaled\/2650450132.jpg\" src=\"data:image\/svg+xml,%3Csvg%20xmlns%3D%22http%3A%2F%2Fwww.w3.org%2F2000%2Fsvg%22%20width%3D%22379%22%20height%3D%22250%22%20viewBox%3D%220%200%20379%20250%22%3E%3C%2Fsvg%3E\" loading=\"eager\"><\/span><span class=\"fg-image-overlay\"><\/span><\/a><figcaption class=\"fg-caption\"><div class=\"fg-caption-inner\"><\/div><\/figcaption><\/figure><div class=\"fg-loader\"><\/div><\/div><div class=\"fg-item fg-type-image fg-idle\"><figure class=\"fg-item-inner\"><a href=\"https:\/\/kiwanisnc-sudouest.org\/wp-content\/uploads\/2020\/11\/IMG_20210223_122807-scaled.jpg\" data-attachment-id=\"828\" data-type=\"image\" class=\"fg-thumb\"><span class=\"fg-image-wrap\"><img decoding=\"async\" height=\"250\" width=\"207\" class=\"skip-lazy fg-image\" data-src-fg=\"https:\/\/kiwanisnc-sudouest.org\/wp-content\/uploads\/cache\/2020\/11\/IMG_20210223_122807-scaled\/3065925294.jpg\" src=\"data:image\/svg+xml,%3Csvg%20xmlns%3D%22http%3A%2F%2Fwww.w3.org%2F2000%2Fsvg%22%20width%3D%22207%22%20height%3D%22250%22%20viewBox%3D%220%200%20207%20250%22%3E%3C%2Fsvg%3E\" loading=\"eager\"><\/span><span class=\"fg-image-overlay\"><\/span><\/a><figcaption class=\"fg-caption\"><div class=\"fg-caption-inner\"><\/div><\/figcaption><\/figure><div class=\"fg-loader\"><\/div><\/div><div class=\"fg-item fg-type-image fg-idle\"><figure class=\"fg-item-inner\"><a href=\"https:\/\/kiwanisnc-sudouest.org\/wp-content\/uploads\/2020\/11\/IMG_20210223_123214-scaled.jpg\" data-attachment-id=\"830\" data-type=\"image\" class=\"fg-thumb\"><span class=\"fg-image-wrap\"><img decoding=\"async\" height=\"250\" width=\"196\" class=\"skip-lazy fg-image\" data-src-fg=\"https:\/\/kiwanisnc-sudouest.org\/wp-content\/uploads\/cache\/2020\/11\/IMG_20210223_123214-scaled\/1547850121.jpg\" src=\"data:image\/svg+xml,%3Csvg%20xmlns%3D%22http%3A%2F%2Fwww.w3.org%2F2000%2Fsvg%22%20width%3D%22196%22%20height%3D%22250%22%20viewBox%3D%220%200%20196%20250%22%3E%3C%2Fsvg%3E\" loading=\"eager\"><\/span><span class=\"fg-image-overlay\"><\/span><\/a><figcaption class=\"fg-caption\"><div class=\"fg-caption-inner\"><\/div><\/figcaption><\/figure><div class=\"fg-loader\"><\/div><\/div><div class=\"fg-item fg-type-image fg-idle\"><figure class=\"fg-item-inner\"><a href=\"https:\/\/kiwanisnc-sudouest.org\/wp-content\/uploads\/2020\/11\/IMG_20210223_123224-scaled.jpg\" data-attachment-id=\"831\" data-type=\"image\" class=\"fg-thumb\"><span class=\"fg-image-wrap\"><img decoding=\"async\" height=\"250\" width=\"220\" class=\"skip-lazy fg-image\" data-src-fg=\"https:\/\/kiwanisnc-sudouest.org\/wp-content\/uploads\/cache\/2020\/11\/IMG_20210223_123224-scaled\/2135834518.jpg\" src=\"data:image\/svg+xml,%3Csvg%20xmlns%3D%22http%3A%2F%2Fwww.w3.org%2F2000%2Fsvg%22%20width%3D%22220%22%20height%3D%22250%22%20viewBox%3D%220%200%20220%20250%22%3E%3C%2Fsvg%3E\" loading=\"eager\"><\/span><span class=\"fg-image-overlay\"><\/span><\/a><figcaption class=\"fg-caption\"><div class=\"fg-caption-inner\"><\/div><\/figcaption><\/figure><div class=\"fg-loader\"><\/div><\/div><div class=\"fg-item fg-type-image fg-idle\"><figure class=\"fg-item-inner\"><a href=\"https:\/\/kiwanisnc-sudouest.org\/wp-content\/uploads\/2020\/11\/IMG_20210223_123158-scaled.jpg\" data-attachment-id=\"829\" data-type=\"image\" class=\"fg-thumb\"><span class=\"fg-image-wrap\"><img decoding=\"async\" height=\"250\" width=\"219\" class=\"skip-lazy fg-image\" data-src-fg=\"https:\/\/kiwanisnc-sudouest.org\/wp-content\/uploads\/cache\/2020\/11\/IMG_20210223_123158-scaled\/474986740.jpg\" src=\"data:image\/svg+xml,%3Csvg%20xmlns%3D%22http%3A%2F%2Fwww.w3.org%2F2000%2Fsvg%22%20width%3D%22219%22%20height%3D%22250%22%20viewBox%3D%220%200%20219%20250%22%3E%3C%2Fsvg%3E\" loading=\"eager\"><\/span><span class=\"fg-image-overlay\"><\/span><\/a><figcaption class=\"fg-caption\"><div class=\"fg-caption-inner\"><\/div><\/figcaption><\/figure><div class=\"fg-loader\"><\/div><\/div><div class=\"fg-item fg-type-image fg-idle\"><figure class=\"fg-item-inner\"><a href=\"https:\/\/kiwanisnc-sudouest.org\/wp-content\/uploads\/2020\/11\/IMG_20191212_141825-scaled.jpg\" data-attachment-id=\"692\" data-type=\"image\" class=\"fg-thumb\"><span class=\"fg-image-wrap\"><img decoding=\"async\" height=\"250\" width=\"125\" class=\"skip-lazy fg-image\" data-src-fg=\"https:\/\/kiwanisnc-sudouest.org\/wp-content\/uploads\/cache\/2020\/11\/IMG_20191212_141825-scaled\/1536029520.jpg\" src=\"data:image\/svg+xml,%3Csvg%20xmlns%3D%22http%3A%2F%2Fwww.w3.org%2F2000%2Fsvg%22%20width%3D%22125%22%20height%3D%22250%22%20viewBox%3D%220%200%20125%20250%22%3E%3C%2Fsvg%3E\" loading=\"eager\"><\/span><span class=\"fg-image-overlay\"><\/span><\/a><figcaption class=\"fg-caption\"><div class=\"fg-caption-inner\"><\/div><\/figcaption><\/figure><div class=\"fg-loader\"><\/div><\/div><div class=\"fg-item fg-type-image fg-idle\"><figure class=\"fg-item-inner\"><a href=\"https:\/\/kiwanisnc-sudouest.org\/wp-content\/uploads\/2020\/11\/IMG_20200310_112754-scaled.jpg\" data-attachment-id=\"688\" data-type=\"image\" class=\"fg-thumb\"><span class=\"fg-image-wrap\"><img decoding=\"async\" height=\"250\" width=\"500\" class=\"skip-lazy fg-image\" data-src-fg=\"https:\/\/kiwanisnc-sudouest.org\/wp-content\/uploads\/cache\/2020\/11\/IMG_20200310_112754-scaled\/2604732716.jpg\" src=\"data:image\/svg+xml,%3Csvg%20xmlns%3D%22http%3A%2F%2Fwww.w3.org%2F2000%2Fsvg%22%20width%3D%22500%22%20height%3D%22250%22%20viewBox%3D%220%200%20500%20250%22%3E%3C%2Fsvg%3E\" loading=\"eager\"><\/span><span class=\"fg-image-overlay\"><\/span><\/a><figcaption class=\"fg-caption\"><div class=\"fg-caption-inner\"><\/div><\/figcaption><\/figure><div class=\"fg-loader\"><\/div><\/div><div class=\"fg-item fg-type-image fg-idle\"><figure class=\"fg-item-inner\"><a href=\"https:\/\/kiwanisnc-sudouest.org\/wp-content\/uploads\/2020\/11\/IMG_20200310_112714-scaled.jpg\" data-attachment-id=\"687\" data-type=\"image\" class=\"fg-thumb\"><span class=\"fg-image-wrap\"><img decoding=\"async\" height=\"250\" width=\"500\" class=\"skip-lazy fg-image\" data-src-fg=\"https:\/\/kiwanisnc-sudouest.org\/wp-content\/uploads\/cache\/2020\/11\/IMG_20200310_112714-scaled\/755535424.jpg\" src=\"data:image\/svg+xml,%3Csvg%20xmlns%3D%22http%3A%2F%2Fwww.w3.org%2F2000%2Fsvg%22%20width%3D%22500%22%20height%3D%22250%22%20viewBox%3D%220%200%20500%20250%22%3E%3C%2Fsvg%3E\" loading=\"eager\"><\/span><span class=\"fg-image-overlay\"><\/span><\/a><figcaption class=\"fg-caption\"><div class=\"fg-caption-inner\"><\/div><\/figcaption><\/figure><div class=\"fg-loader\"><\/div><\/div><div class=\"fg-item fg-type-image fg-idle\"><figure class=\"fg-item-inner\"><a href=\"https:\/\/kiwanisnc-sudouest.org\/wp-content\/uploads\/2020\/11\/IMG_20200310_112918-scaled.jpg\" data-attachment-id=\"690\" data-type=\"image\" class=\"fg-thumb\"><span class=\"fg-image-wrap\"><img decoding=\"async\" height=\"250\" width=\"500\" class=\"skip-lazy fg-image\" data-src-fg=\"https:\/\/kiwanisnc-sudouest.org\/wp-content\/uploads\/cache\/2020\/11\/IMG_20200310_112918-scaled\/3275129262.jpg\" src=\"data:image\/svg+xml,%3Csvg%20xmlns%3D%22http%3A%2F%2Fwww.w3.org%2F2000%2Fsvg%22%20width%3D%22500%22%20height%3D%22250%22%20viewBox%3D%220%200%20500%20250%22%3E%3C%2Fsvg%3E\" loading=\"eager\"><\/span><span class=\"fg-image-overlay\"><\/span><\/a><figcaption class=\"fg-caption\"><div class=\"fg-caption-inner\"><\/div><\/figcaption><\/figure><div class=\"fg-loader\"><\/div><\/div><div class=\"fg-item fg-type-image fg-idle\"><figure class=\"fg-item-inner\"><a href=\"https:\/\/kiwanisnc-sudouest.org\/wp-content\/uploads\/2020\/11\/IMG_20200310_112845-scaled.jpg\" data-attachment-id=\"689\" data-type=\"image\" class=\"fg-thumb\"><span class=\"fg-image-wrap\"><img decoding=\"async\" height=\"250\" width=\"500\" class=\"skip-lazy fg-image\" data-src-fg=\"https:\/\/kiwanisnc-sudouest.org\/wp-content\/uploads\/cache\/2020\/11\/IMG_20200310_112845-scaled\/1083486829.jpg\" src=\"data:image\/svg+xml,%3Csvg%20xmlns%3D%22http%3A%2F%2Fwww.w3.org%2F2000%2Fsvg%22%20width%3D%22500%22%20height%3D%22250%22%20viewBox%3D%220%200%20500%20250%22%3E%3C%2Fsvg%3E\" loading=\"eager\"><\/span><span class=\"fg-image-overlay\"><\/span><\/a><figcaption class=\"fg-caption\"><div class=\"fg-caption-inner\"><\/div><\/figcaption><\/figure><div class=\"fg-loader\"><\/div><\/div><div class=\"fg-item fg-type-image fg-idle\"><figure class=\"fg-item-inner\"><a href=\"https:\/\/kiwanisnc-sudouest.org\/wp-content\/uploads\/2020\/11\/IMG_20210223_122304-scaled.jpg\" data-attachment-id=\"827\" data-type=\"image\" class=\"fg-thumb\"><span class=\"fg-image-wrap\"><img decoding=\"async\" height=\"250\" width=\"187\" class=\"skip-lazy fg-image\" data-src-fg=\"https:\/\/kiwanisnc-sudouest.org\/wp-content\/uploads\/cache\/2020\/11\/IMG_20210223_122304-scaled\/1882317606.jpg\" src=\"data:image\/svg+xml,%3Csvg%20xmlns%3D%22http%3A%2F%2Fwww.w3.org%2F2000%2Fsvg%22%20width%3D%22187%22%20height%3D%22250%22%20viewBox%3D%220%200%20187%20250%22%3E%3C%2Fsvg%3E\" loading=\"eager\"><\/span><span class=\"fg-image-overlay\"><\/span><\/a><figcaption class=\"fg-caption\"><div class=\"fg-caption-inner\"><\/div><\/figcaption><\/figure><div class=\"fg-loader\"><\/div><\/div><div class=\"fg-item fg-type-image fg-idle\"><figure class=\"fg-item-inner\"><a href=\"https:\/\/kiwanisnc-sudouest.org\/wp-content\/uploads\/2020\/11\/IMG_20210223_114637-scaled.jpg\" data-attachment-id=\"825\" data-type=\"image\" class=\"fg-thumb\"><span class=\"fg-image-wrap\"><img decoding=\"async\" height=\"250\" width=\"255\" class=\"skip-lazy fg-image\" data-src-fg=\"https:\/\/kiwanisnc-sudouest.org\/wp-content\/uploads\/cache\/2020\/11\/IMG_20210223_114637-scaled\/76111575.jpg\" src=\"data:image\/svg+xml,%3Csvg%20xmlns%3D%22http%3A%2F%2Fwww.w3.org%2F2000%2Fsvg%22%20width%3D%22255%22%20height%3D%22250%22%20viewBox%3D%220%200%20255%20250%22%3E%3C%2Fsvg%3E\" loading=\"eager\"><\/span><span class=\"fg-image-overlay\"><\/span><\/a><figcaption class=\"fg-caption\"><div class=\"fg-caption-inner\"><\/div><\/figcaption><\/figure><div class=\"fg-loader\"><\/div><\/div><div class=\"fg-item fg-type-image fg-idle\"><figure class=\"fg-item-inner\"><a href=\"https:\/\/kiwanisnc-sudouest.org\/wp-content\/uploads\/2020\/11\/IMG_20210223_123305-scaled.jpg\" data-attachment-id=\"833\" data-type=\"image\" class=\"fg-thumb\"><span class=\"fg-image-wrap\"><img decoding=\"async\" height=\"250\" width=\"376\" class=\"skip-lazy fg-image\" data-src-fg=\"https:\/\/kiwanisnc-sudouest.org\/wp-content\/uploads\/cache\/2020\/11\/IMG_20210223_123305-scaled\/3543842692.jpg\" src=\"data:image\/svg+xml,%3Csvg%20xmlns%3D%22http%3A%2F%2Fwww.w3.org%2F2000%2Fsvg%22%20width%3D%22376%22%20height%3D%22250%22%20viewBox%3D%220%200%20376%20250%22%3E%3C%2Fsvg%3E\" loading=\"eager\"><\/span><span class=\"fg-image-overlay\"><\/span><\/a><figcaption class=\"fg-caption\"><div class=\"fg-caption-inner\"><\/div><\/figcaption><\/figure><div class=\"fg-loader\"><\/div><\/div><div class=\"fg-item fg-type-image fg-idle\"><figure class=\"fg-item-inner\"><a href=\"https:\/\/kiwanisnc-sudouest.org\/wp-content\/uploads\/2020\/11\/IMG_20210223_123603-scaled.jpg\" data-attachment-id=\"837\" data-type=\"image\" class=\"fg-thumb\"><span class=\"fg-image-wrap\"><img decoding=\"async\" height=\"250\" width=\"215\" class=\"skip-lazy fg-image\" data-src-fg=\"https:\/\/kiwanisnc-sudouest.org\/wp-content\/uploads\/cache\/2020\/11\/IMG_20210223_123603-scaled\/780004430.jpg\" src=\"data:image\/svg+xml,%3Csvg%20xmlns%3D%22http%3A%2F%2Fwww.w3.org%2F2000%2Fsvg%22%20width%3D%22215%22%20height%3D%22250%22%20viewBox%3D%220%200%20215%20250%22%3E%3C%2Fsvg%3E\" loading=\"eager\"><\/span><span class=\"fg-image-overlay\"><\/span><\/a><figcaption class=\"fg-caption\"><div class=\"fg-caption-inner\"><\/div><\/figcaption><\/figure><div class=\"fg-loader\"><\/div><\/div><div class=\"fg-item fg-type-image fg-idle\"><figure class=\"fg-item-inner\"><a href=\"https:\/\/kiwanisnc-sudouest.org\/wp-content\/uploads\/2020\/11\/IMG_20210223_123551-scaled.jpg\" data-attachment-id=\"836\" data-type=\"image\" class=\"fg-thumb\"><span class=\"fg-image-wrap\"><img decoding=\"async\" height=\"250\" width=\"193\" class=\"skip-lazy fg-image\" data-src-fg=\"https:\/\/kiwanisnc-sudouest.org\/wp-content\/uploads\/cache\/2020\/11\/IMG_20210223_123551-scaled\/2784756128.jpg\" src=\"data:image\/svg+xml,%3Csvg%20xmlns%3D%22http%3A%2F%2Fwww.w3.org%2F2000%2Fsvg%22%20width%3D%22193%22%20height%3D%22250%22%20viewBox%3D%220%200%20193%20250%22%3E%3C%2Fsvg%3E\" loading=\"eager\"><\/span><span class=\"fg-image-overlay\"><\/span><\/a><figcaption class=\"fg-caption\"><div class=\"fg-caption-inner\"><\/div><\/figcaption><\/figure><div class=\"fg-loader\"><\/div><\/div><div class=\"fg-item fg-type-image fg-idle\"><figure class=\"fg-item-inner\"><a href=\"https:\/\/kiwanisnc-sudouest.org\/wp-content\/uploads\/2020\/11\/IMG_20210223_123445-scaled.jpg\" data-attachment-id=\"834\" data-type=\"image\" class=\"fg-thumb\"><span class=\"fg-image-wrap\"><img decoding=\"async\" height=\"250\" width=\"386\" class=\"skip-lazy fg-image\" data-src-fg=\"https:\/\/kiwanisnc-sudouest.org\/wp-content\/uploads\/cache\/2020\/11\/IMG_20210223_123445-scaled\/331844555.jpg\" src=\"data:image\/svg+xml,%3Csvg%20xmlns%3D%22http%3A%2F%2Fwww.w3.org%2F2000%2Fsvg%22%20width%3D%22386%22%20height%3D%22250%22%20viewBox%3D%220%200%20386%20250%22%3E%3C%2Fsvg%3E\" loading=\"eager\"><\/span><span class=\"fg-image-overlay\"><\/span><\/a><figcaption class=\"fg-caption\"><div class=\"fg-caption-inner\"><\/div><\/figcaption><\/figure><div class=\"fg-loader\"><\/div><\/div><div class=\"fg-item fg-type-image fg-idle\"><figure class=\"fg-item-inner\"><a href=\"https:\/\/kiwanisnc-sudouest.org\/wp-content\/uploads\/2020\/11\/IMG_20210223_123546-scaled.jpg\" data-attachment-id=\"835\" data-type=\"image\" class=\"fg-thumb\"><span class=\"fg-image-wrap\"><img decoding=\"async\" height=\"250\" width=\"206\" class=\"skip-lazy fg-image\" data-src-fg=\"https:\/\/kiwanisnc-sudouest.org\/wp-content\/uploads\/cache\/2020\/11\/IMG_20210223_123546-scaled\/2413359132.jpg\" src=\"data:image\/svg+xml,%3Csvg%20xmlns%3D%22http%3A%2F%2Fwww.w3.org%2F2000%2Fsvg%22%20width%3D%22206%22%20height%3D%22250%22%20viewBox%3D%220%200%20206%20250%22%3E%3C%2Fsvg%3E\" loading=\"eager\"><\/span><span class=\"fg-image-overlay\"><\/span><\/a><figcaption class=\"fg-caption\"><div class=\"fg-caption-inner\"><\/div><\/figcaption><\/figure><div class=\"fg-loader\"><\/div><\/div><\/div>\r\n\n\n\n<p class=\"has-kubio-color-5-color has-text-color has-background\" style=\"background-color:#ffffff30\">Ces installations sont \u00e9galement disponibles lors d&rsquo;\u00e9v\u00e9nements familiaux (sauf pour des mariages), d&rsquo;\u00e9v\u00e8nements d&rsquo;entreprises (journ\u00e9es de coh\u00e9sion, de d\u00e9tente,&#8230;), d&rsquo;associations diverses pour une journ\u00e9e ou plusieurs. De nombreux camps Scouts ont eu lieu sur ce terrain et souvent ceux-ci participent \u00e0 l&rsquo;\u00e9volution des installations.<\/p>\n\n\n\n<p class=\"has-kubio-color-5-color has-text-color has-background\" style=\"background-color:#ffffff30\">Les recettes de ces occupations viennent <strong>contribuer au financement de nos actions sociales pour les enfants de notre communaut\u00e9<\/strong> qui va de Boulouparis \u00e0 Moindou sans oublier Thio.<\/p>\n\n\n\n<p class=\"has-kubio-color-5-color has-text-color has-background\" style=\"background-color:#ffffff30\">Si vous souhaitez r\u00e9server ces installations,  cliquez sur le bouton suivant pour en v\u00e9rifier les disponibilit\u00e9s.<\/p>\n\n\n\n<p class=\"has-kubio-color-5-color has-text-color has-background\" style=\"background-color:#ffffff30\">Les <strong>dates coch\u00e9es sont d\u00e9j\u00e0 r\u00e9serv\u00e9es<\/strong> mais il est possible qu&rsquo;il y a des d\u00e9sistements: <\/p>\n\n\n\n<div class=\"wp-block-buttons is-horizontal is-content-justification-center is-layout-flex wp-container-core-buttons-is-layout-499968f5 wp-block-buttons-is-layout-flex\">\n<div class=\"wp-block-button\"><a class=\"wp-block-button__link has-vivid-green-cyan-background-color has-background wp-element-button\" href=\"https:\/\/manava.abricode.fr\/rest\/iframe_calend.php?code_ext=geJ3J33uwEqmhaXYl\" style=\"border-radius:13px\"><em>DISPONIBILITES TERRAIN<\/em><\/a><\/div>\n<\/div>\n\n\n\n<p class=\"has-kubio-color-5-color has-text-color has-background\" style=\"background-color:#ffffff30\">Et adressez-nous une demande de r\u00e9servation en remplissant le formulaire suivant , nous vous r\u00e9pondrons le plus rapidement possible. <\/p>\n\n\n\n<p class=\"has-kubio-color-5-color has-text-color has-background\" style=\"background-color:#ffffff30\"><strong>Attention \u00e0 bien renseigner les dates des jours que vous souhaitez r\u00e9server ainsi que toutes explications sur votre projet de s\u00e9jour<\/strong>.<\/p>\n\n\n\n<p class=\"has-kubio-color-5-color has-text-color has-background\" style=\"background-color:#ffffff30\">Il est possible que des journ\u00e9es indiqu\u00e9es occup\u00e9es se lib\u00e8rent suite au d\u00e9sistement  des r\u00e9servataires, si vous avez un choix d\u00e9j\u00e0 occup\u00e9, faites-en la demande sur ces dates et nous vous indiquerons si la r\u00e9servation peut \u00eatre possible ou pas et celle-ci sera propos\u00e9e d&rsquo;\u00eatre plac\u00e9e en liste d&rsquo;attente.<\/p>\n\n\n\n<iframe style=\"border-style:none; width:100%; height:585px;\" src=\"https:\/\/manava.abricode.fr\/comptes\/terrainkiwanissudoue\/ressources\/public\/php\/iframe_resa_spef_kso.php?chambre=1&amp;condition_speciale=6\"><\/iframe>\n","protected":false},"excerpt":{"rendered":"<p>Notre club poss\u00e8de des installations situ\u00e9es \u00e0 Boulouparis Ouenghi Rivi\u00e8re (cliquez ici pour visualiser le lieu de nos installations) dans un cadre verdoyant et sympathique en bordure de la rivi\u00e8re de la Ouenghi. L&rsquo;acc\u00e8s se fait depuis la RT1 juste avant le pont sur la Ouenghi quand on vient de Noum\u00e9a ou juste apr\u00e8s quand [&hellip;]<\/p>\n","protected":false},"author":1,"featured_media":824,"parent":0,"menu_order":0,"comment_status":"closed","ping_status":"closed","template":"","meta":{"saved_in_kubio":false,"footnotes":""},"class_list":["post-680","page","type-page","status-publish","has-post-thumbnail","hentry"],"kubio_ai_page_context":{"short_desc":"","purpose":"general"},"jetpack_sharing_enabled":true,"colors":{"color":"8b8f85","contrast":"0,0,0","custom":false},"_links":{"self":[{"href":"https:\/\/kiwanisnc-sudouest.org\/index.php\/wp-json\/wp\/v2\/pages\/680","targetHints":{"allow":["GET"]}}],"collection":[{"href":"https:\/\/kiwanisnc-sudouest.org\/index.php\/wp-json\/wp\/v2\/pages"}],"about":[{"href":"https:\/\/kiwanisnc-sudouest.org\/index.php\/wp-json\/wp\/v2\/types\/page"}],"author":[{"embeddable":true,"href":"https:\/\/kiwanisnc-sudouest.org\/index.php\/wp-json\/wp\/v2\/users\/1"}],"replies":[{"embeddable":true,"href":"https:\/\/kiwanisnc-sudouest.org\/index.php\/wp-json\/wp\/v2\/comments?post=680"}],"version-history":[{"count":42,"href":"https:\/\/kiwanisnc-sudouest.org\/index.php\/wp-json\/wp\/v2\/pages\/680\/revisions"}],"predecessor-version":[{"id":1115,"href":"https:\/\/kiwanisnc-sudouest.org\/index.php\/wp-json\/wp\/v2\/pages\/680\/revisions\/1115"}],"wp:featuredmedia":[{"embeddable":true,"href":"https:\/\/kiwanisnc-sudouest.org\/index.php\/wp-json\/wp\/v2\/media\/824"}],"wp:attachment":[{"href":"https:\/\/kiwanisnc-sudouest.org\/index.php\/wp-json\/wp\/v2\/media?parent=680"}],"curies":[{"name":"wp","href":"https:\/\/api.w.org\/{rel}","templated":true}]}}