{"id":784,"date":"2020-12-13T14:47:02","date_gmt":"2020-12-13T03:47:02","guid":{"rendered":"http:\/\/kiwanisnc-sudouest.org\/?page_id=784"},"modified":"2020-12-13T15:19:23","modified_gmt":"2020-12-13T04:19:23","slug":"nos-evenements-a-venir","status":"publish","type":"page","link":"https:\/\/kiwanisnc-sudouest.org\/index.php\/nos-evenements-a-venir\/","title":{"rendered":"Nos \u00e9v\u00e9nements \u00e0 venir"},"content":{"rendered":"","protected":false},"excerpt":{"rendered":"","protected":false},"author":1,"featured_media":0,"parent":0,"menu_order":0,"comment_status":"closed","ping_status":"closed","template":"","meta":{"saved_in_kubio":false,"footnotes":""},"class_list":["post-784","page","type-page","status-publish","hentry"],"kubio_ai_page_context":{"short_desc":"","purpose":"general"},"jetpack_sharing_enabled":true,"colors":{"color":"ffffff","contrast":"0,0,0","custom":false},"_links":{"self":[{"href":"https:\/\/kiwanisnc-sudouest.org\/index.php\/wp-json\/wp\/v2\/pages\/784","targetHints":{"allow":["GET"]}}],"collection":[{"href":"https:\/\/kiwanisnc-sudouest.org\/index.php\/wp-json\/wp\/v2\/pages"}],"about":[{"href":"https:\/\/kiwanisnc-sudouest.org\/index.php\/wp-json\/wp\/v2\/types\/page"}],"author":[{"embeddable":true,"href":"https:\/\/kiwanisnc-sudouest.org\/index.php\/wp-json\/wp\/v2\/users\/1"}],"replies":[{"embeddable":true,"href":"https:\/\/kiwanisnc-sudouest.org\/index.php\/wp-json\/wp\/v2\/comments?post=784"}],"version-history":[{"count":6,"href":"https:\/\/kiwanisnc-sudouest.org\/index.php\/wp-json\/wp\/v2\/pages\/784\/revisions"}],"predecessor-version":[{"id":794,"href":"https:\/\/kiwanisnc-sudouest.org\/index.php\/wp-json\/wp\/v2\/pages\/784\/revisions\/794"}],"wp:attachment":[{"href":"https:\/\/kiwanisnc-sudouest.org\/index.php\/wp-json\/wp\/v2\/media?parent=784"}],"curies":[{"name":"wp","href":"https:\/\/api.w.org\/{rel}","templated":true}]}}